{"id":392,"date":"2014-05-19T15:01:21","date_gmt":"2014-05-19T13:01:21","guid":{"rendered":"http:\/\/www.dianara-joos.ch\/wordpress\/?page_id=392"},"modified":"2017-02-06T18:16:59","modified_gmt":"2017-02-06T16:16:59","slug":"wohlfuehlabende-fuer-frauen","status":"publish","type":"page","link":"https:\/\/www.dianara-joos.ch\/?page_id=392","title":{"rendered":"Wohlf\u00fchlabende f\u00fcr Frauen"},"content":{"rendered":"<h1 style=\"text-align: left;\" align=\"center\">Wohlf\u00fchlabende f\u00fcr Frauen<b><br \/><br \/>\u00a0<img loading=\"lazy\" decoding=\"async\" src=\"http:\/\/www.dianara-joos.ch\/wordpress\/wp-content\/uploads\/Wohlfuehlabend_fuer_Frauen.png\" alt=\"\" class=\"alignnone size-full wp-image-393\" height=\"198\" width=\"264\" \/><br \/><br \/><\/b><\/h1><h2 style=\"text-align: left;\" align=\"center\"><b><i>\u00a0 \u2026zum ankommen<\/i><\/b><\/h2><h2 style=\"text-align: left;\" align=\"center\"><b><i>\u00a0 \u00a0 \u00a0 \u00a0 \u00a0 \u00a0 \u00a0 \u00a0 \u00a0 \u2026entspannen<\/i><\/b><\/h2><h2 style=\"text-align: left;\" align=\"center\"><b><i>\u00a0 \u00a0 \u00a0 \u00a0 \u00a0 \u00a0 \u00a0 \u00a0 \u00a0 \u00a0 \u00a0 \u00a0\u2026verw\u00f6hnen und geniessen<\/i><\/b><\/h2><p>Grossz\u00fcgig verschenken wir unsere Zeit, Energie und Liebe in Beruf, Familie und Partnerschaft. Wir sind oft so besch\u00e4ftigt mit organisieren, funktionieren und erledigen, dass f\u00fcr uns selbst, nicht mehr viel \u00fcbrig bleibt.<\/p><p>Der Wohlf\u00fchlabend soll ein Ort sein, wo es um Dich geht, wo Du ankommen, aufatmen,\u00a0 entspannen und geniessen kannst.<\/p><p>Mit einem geselligen Teil, wo wir gem\u00fctlich Mitgebrachtes miteinander teilen, \u00a0lassen wir den Abend ausklingen.<\/p><p>Ziel ist es, dass du am Ende des Abends gl\u00fccklich, zufrieden und wohlig gen\u00e4hrt nach Hause gehen kannst.<\/p><p>Er eignet sich auch, um sich zusammen mit einer Freundin einen sch\u00f6nen Abend zu machen.<br \/><br \/>Den Abend gestalte ich zusammen mit Anke Ajana Randegger www.heilsam-en.ch<br \/><br \/><\/p>\r\n<table style=\"width: 606px;\" 0=\"\" cellpadding=\"0\" cellspacing=\"0\"><tbody>\r\n<tr style=\"border: none;\">\r\n<td style=\"border: none;\" valign=\"top\" width=\"20\"><b>Daten:<\/b><\/td>\r\n<td style=\"border: none;\" valign=\"top\" width=\"344\">Daten anfragen per Mail<br \/>(von 19.30-22.00 Uhr, letzte halbe Stunde geselliger Teil)<\/td>\r\n<\/tr>\r\n<tr style=\"border: none;\">\r\n<td style=\"border: none;\" valign=\"top\" width=\"20\"><b>Ort:<\/b><\/td>\r\n<td style=\"border: none;\" valign=\"top\" width=\"344\">Praxis Schauenburg in Liestal (<a target=\"_blank\" href=\"http:\/\/www.praxis-schauenburg.ch\">www.praxis-schauenburg.ch<\/a>)<b>\u00a0\u00a0 <\/b><\/td>\r\n<\/tr>\r\n\r\n<tr style=\"border: none;\">\r\n<td style=\"border: none;\" valign=\"top\" width=\"20\"><b>Kosten:<\/b><\/td>\r\n<td style=\"border: none;\" valign=\"top\" width=\"344\">Fr<b>. <\/b>30.-<\/td>\r\n<\/tr>\r\n<tr style=\"border: none;\">\r\n<td style=\"border: none;\" valign=\"top\" width=\"20\"><b>Anmeldung:<\/b><\/td>\r\n<td style=\"border: none;\" valign=\"top\" width=\"344\">bis jeweils eine Woche davor<br \/>(findet statt bei mind. 4 Teilnehmerinnen)<\/td><\/tr>\r\n<tr style=\"border: none;\">\r\n<td style=\"border: none;\" valign=\"top\" width=\"20\"><b>Mitbringen:<\/b><\/td>\r\n<td style=\"border: none;\" valign=\"top\" width=\"344\">Bequeme Kleidung und etwas Kleines zum Knabbern<\/td>\r\n<\/tr><\/tbody>\r\n<\/table>\r\n<p><b>\u00a0\u00a0 <\/b><b><br \/>Herzlichst, \u00a0Dianara und Anke Ajana<br \/><br \/><\/b>Dianara Joos Tel. 079 721 52 03\u00a0<a href=\"http:\/\/www.dianara-joos.ch\">www.dianara-joos.ch<\/a><b><br \/><\/b><\/p><p>Anke Ajana Randegger Tel. 079 654 55 03 <a href=\"http:\/\/www.heilsam-en.ch\">www.heilsam-en.ch<\/a><\/p><p><a href=\"http:\/\/www.dianara-joos.ch\"><br \/><img loading=\"lazy\" decoding=\"async\" src=\"http:\/\/www.dianara-joos.ch\/wordpress\/wp-content\/uploads\/Hintergrund_Angebot4.png\" class=\"alignnone size-full wp-image-319\" height=\"268\" width=\"275\" \/><\/a><\/p>","protected":false},"excerpt":{"rendered":"<p>Wohlf\u00fchlabende f\u00fcr Frauen\u00a0\u00a0 \u2026zum ankommen\u00a0 \u00a0 \u00a0 \u00a0 \u00a0 \u00a0 \u00a0 \u00a0 \u00a0 \u2026entspannen\u00a0 \u00a0 \u00a0 \u00a0 \u00a0 \u00a0 \u00a0 \u00a0 \u00a0 \u00a0 \u00a0 \u00a0\u2026verw\u00f6hnen und geniessenGrossz\u00fcgig verschenken wir unsere Zeit, Energie und Liebe in Beruf, Familie und Partnerschaft. Wir sind oft so besch\u00e4ftigt mit organisieren, funktionieren und erledigen, dass f\u00fcr uns selbst, nicht mehr [&hellip;]<\/p>\n","protected":false},"author":1,"featured_media":0,"parent":22,"menu_order":0,"comment_status":"closed","ping_status":"closed","template":"","meta":{"footnotes":""},"class_list":["post-392","page","type-page","status-publish","hentry"],"_links":{"self":[{"href":"https:\/\/www.dianara-joos.ch\/index.php?rest_route=\/wp\/v2\/pages\/392","targetHints":{"allow":["GET"]}}],"collection":[{"href":"https:\/\/www.dianara-joos.ch\/index.php?rest_route=\/wp\/v2\/pages"}],"about":[{"href":"https:\/\/www.dianara-joos.ch\/index.php?rest_route=\/wp\/v2\/types\/page"}],"author":[{"embeddable":true,"href":"https:\/\/www.dianara-joos.ch\/index.php?rest_route=\/wp\/v2\/users\/1"}],"replies":[{"embeddable":true,"href":"https:\/\/www.dianara-joos.ch\/index.php?rest_route=%2Fwp%2Fv2%2Fcomments&post=392"}],"version-history":[{"count":15,"href":"https:\/\/www.dianara-joos.ch\/index.php?rest_route=\/wp\/v2\/pages\/392\/revisions"}],"predecessor-version":[{"id":663,"href":"https:\/\/www.dianara-joos.ch\/index.php?rest_route=\/wp\/v2\/pages\/392\/revisions\/663"}],"up":[{"embeddable":true,"href":"https:\/\/www.dianara-joos.ch\/index.php?rest_route=\/wp\/v2\/pages\/22"}],"wp:attachment":[{"href":"https:\/\/www.dianara-joos.ch\/index.php?rest_route=%2Fwp%2Fv2%2Fmedia&parent=392"}],"curies":[{"name":"wp","href":"https:\/\/api.w.org\/{rel}","templated":true}]}}