{"id":431,"date":"2014-05-19T19:26:43","date_gmt":"2014-05-19T17:26:43","guid":{"rendered":"http:\/\/www.dianara-joos.ch\/wordpress\/?page_id=431"},"modified":"2017-02-06T18:19:41","modified_gmt":"2017-02-06T16:19:41","slug":"edelsteine-und-kristalle","status":"publish","type":"page","link":"https:\/\/www.dianara-joos.ch\/?page_id=431","title":{"rendered":"Edelsteine und Kristalle"},"content":{"rendered":"<h1>Edelsteine und Kristalle\u00a0<\/h1><p>Das Wissen um die Kraft und Energie der Edelsteine und Kristalle, unsere \u201eH\u00fcter der Erde\u201c, sind so alt wie die Menschheit selbst.<br \/><br \/><img loading=\"lazy\" decoding=\"async\" src=\"http:\/\/www.dianara-joos.ch\/wordpress\/wp-content\/uploads\/Edelsteine_2.png\" alt=\"\" class=\"alignnone size-full wp-image-464\" height=\"207\" width=\"285\" \/><\/p><p>Seit jeher wurden sie verwendet als Begleiter, Besch\u00fctzer, Talisman, Ritualgegenst\u00e4nde\u00a0 und Schmuck.<\/p><p>Die positive und kraftvolle Schwing+ungsernergie der Edelsteine aktivieren und\u00a0 l\u00f6sen Blockaden\u00a0 und Schmerzen auf k\u00f6rperlicher-geistiger und seelischer Ebene, sie werden direkt \u00fcber die Haut und den Chakras aufgenommen.<br \/><br \/><img loading=\"lazy\" decoding=\"async\" src=\"http:\/\/www.dianara-joos.ch\/wordpress\/wp-content\/uploads\/Edelsteine_1.png\" alt=\"\" class=\"alignnone size-full wp-image-465\" height=\"208\" width=\"285\" \/><\/p><p>In meinen Heilsitzungen lege ich die Steine unterst\u00fctzend\u00a0 auf den K\u00f6rper (mit Kleidern) auf, so dass sie harmonisierend und ausgleichend aufgenommen werden k\u00f6nnen.<\/p><p>Bei den Kindern l\u00f6se ich Blockaden und zentriere die Energien beim Spiel auf dem Boden, w\u00e4hrendem sie mit meinen gef\u00fcllten Edelsteinkisten spielen.<br \/><br \/><br \/><img loading=\"lazy\" decoding=\"async\" src=\"http:\/\/www.dianara-joos.ch\/wordpress\/wp-content\/uploads\/Hintergrund_Arbeitsweise-Kopie.png\" class=\"alignnone size-full wp-image-419\" height=\"291\" width=\"287\" \/><b> <\/b><\/p>","protected":false},"excerpt":{"rendered":"<p>Edelsteine und Kristalle\u00a0Das Wissen um die Kraft und Energie der Edelsteine und Kristalle, unsere \u201eH\u00fcter der Erde\u201c, sind so alt wie die Menschheit selbst.Seit jeher wurden sie verwendet als Begleiter, Besch\u00fctzer, Talisman, Ritualgegenst\u00e4nde\u00a0 und Schmuck.Die positive und kraftvolle Schwing+ungsernergie der Edelsteine aktivieren und\u00a0 l\u00f6sen Blockaden\u00a0 und Schmerzen auf k\u00f6rperlicher-geistiger und seelischer Ebene, sie werden direkt [&hellip;]<\/p>\n","protected":false},"author":1,"featured_media":0,"parent":21,"menu_order":0,"comment_status":"closed","ping_status":"closed","template":"","meta":{"footnotes":""},"class_list":["post-431","page","type-page","status-publish","hentry"],"_links":{"self":[{"href":"https:\/\/www.dianara-joos.ch\/index.php?rest_route=\/wp\/v2\/pages\/431","targetHints":{"allow":["GET"]}}],"collection":[{"href":"https:\/\/www.dianara-joos.ch\/index.php?rest_route=\/wp\/v2\/pages"}],"about":[{"href":"https:\/\/www.dianara-joos.ch\/index.php?rest_route=\/wp\/v2\/types\/page"}],"author":[{"embeddable":true,"href":"https:\/\/www.dianara-joos.ch\/index.php?rest_route=\/wp\/v2\/users\/1"}],"replies":[{"embeddable":true,"href":"https:\/\/www.dianara-joos.ch\/index.php?rest_route=%2Fwp%2Fv2%2Fcomments&post=431"}],"version-history":[{"count":4,"href":"https:\/\/www.dianara-joos.ch\/index.php?rest_route=\/wp\/v2\/pages\/431\/revisions"}],"predecessor-version":[{"id":667,"href":"https:\/\/www.dianara-joos.ch\/index.php?rest_route=\/wp\/v2\/pages\/431\/revisions\/667"}],"up":[{"embeddable":true,"href":"https:\/\/www.dianara-joos.ch\/index.php?rest_route=\/wp\/v2\/pages\/21"}],"wp:attachment":[{"href":"https:\/\/www.dianara-joos.ch\/index.php?rest_route=%2Fwp%2Fv2%2Fmedia&parent=431"}],"curies":[{"name":"wp","href":"https:\/\/api.w.org\/{rel}","templated":true}]}}