{"id":482,"date":"2014-05-20T15:49:51","date_gmt":"2014-05-20T13:49:51","guid":{"rendered":"http:\/\/www.dianara-joos.ch\/wordpress\/?page_id=482"},"modified":"2017-02-06T18:21:26","modified_gmt":"2017-02-06T16:21:26","slug":"schamanische-heiltechniken","status":"publish","type":"page","link":"https:\/\/www.dianara-joos.ch\/?page_id=482","title":{"rendered":"Schamanische Heiltechniken"},"content":{"rendered":"<h1>Schamanische Heiltechniken<br \/><br \/><img loading=\"lazy\" decoding=\"async\" src=\"http:\/\/www.dianara-joos.ch\/wordpress\/wp-content\/uploads\/Schamanistisch_1.png\" alt=\"\" class=\"alignnone size-full wp-image-483\" height=\"209\" width=\"293\" \/><\/h1><p>Schamanismus ist das \u00e4lteste der Menschheit bekannte Heilungssystem. <br \/> Dieses uralte Wissen und Erfahrungsschatz vieler Generationen, die Heilkr\u00e4fte der Natur,<br \/>den 4 Elementen, die Kr\u00e4fte der Pflanzen, Tiere und Steine, werden zum Wohle\u00a0 und <br \/>\u201eHeilwerden \u201eder Menschheit eingesetzt.<br \/><br \/><\/p><p><b>\u201eDer Regenbogen als Verbindung zwischen Himmel und Erde\u201c<br \/><br \/><img loading=\"lazy\" decoding=\"async\" src=\"http:\/\/www.dianara-joos.ch\/wordpress\/wp-content\/uploads\/Schamanistisch_2-300x184.png\" alt=\"\" class=\"alignnone size-medium wp-image-484\" height=\"184\" width=\"300\" srcset=\"https:\/\/www.dianara-joos.ch\/wordpress\/wp-content\/uploads\/Schamanistisch_2-300x184.png 300w, https:\/\/www.dianara-joos.ch\/wordpress\/wp-content\/uploads\/Schamanistisch_2.png 368w\" sizes=\"auto, (max-width: 300px) 100vw, 300px\" \/><br \/><br \/><\/b><\/p><p>Das schamanische Weltbild kennt zwei Wirklichkeiten. Die <b>allt\u00e4gliche<\/b>, <br \/>die wir mit unseren f\u00fcnf Sinnen wahrnehmen, und die <b>nichtallt\u00e4gliche<\/b>, <br \/>die wir nur wahrnehmen, wenn wir unser Bewusstsein erweitern.<\/p><p>Dazu unterst\u00fctzen uns die schamanischen Methoden und Techniken, um so <br \/>unseren Zugang zur Intuition und den feinstofflichen Sinnen zu entwickeln.<\/p><p>So erleben wir \u201ebewusst\u201c, dass nichts voneinander getrennt ist und alles EINS ist.<br \/><br \/><\/p><h2>Meine \u201eWerkzeuge\u201c:<\/h2>\r\n<table style=\"width: 606px;\" 0=\"\" cellpadding=\"0\" cellspacing=\"0\"><tbody>\r\n<tr style=\"border: none;\">\r\n<td style=\"border: none;\" valign=\"top\" width=\"20\">&#8211;<\/td>\r\n<td style=\"border: none;\" valign=\"top\" width=\"244\">Trommel                                <\/td>\r\n<td style=\"border: none;\" valign=\"top\" width=\"100\"><\/td>\r\n<\/tr>\r\n\r\n<tr style=\"border: none;\">\r\n<td style=\"border: none;\" valign=\"top\" width=\"20\">&#8211;<\/td>\r\n<td style=\"border: none;\" valign=\"top\" width=\"244\">Rasseln                                    <\/td>\r\n<td style=\"border: none;\" valign=\"top\" width=\"100\"><\/td>\r\n<\/tr>\r\n\r\n<tr style=\"border: none;\">\r\n<td style=\"border: none;\" valign=\"top\" width=\"20\">&#8211;<\/td>\r\n<td style=\"border: none;\" valign=\"top\" width=\"244\">Hochzeitskorb*<\/td>\r\n<td style=\"border: none;\" valign=\"top\" width=\"100\"><\/td>\r\n<\/tr>\r\n\r\n<tr style=\"border: none;\">\r\n<td style=\"border: none;\" valign=\"top\" width=\"20\">&#8211;<\/td>\r\n<td style=\"border: none;\" valign=\"top\" width=\"244\">R\u00e4uchern<\/td>\r\n<td style=\"border: none;\" valign=\"top\" width=\"100\"><\/td>\r\n<\/tr>\r\n\r\n<tr style=\"border: none;\">\r\n<td style=\"border: none;\" valign=\"top\" width=\"20\">&#8211;<\/td>\r\n<td style=\"border: none;\" valign=\"top\" width=\"244\">Trommelreisen zum Krafttier                                <\/td>\r\n<td style=\"border: none;\" valign=\"top\" width=\"100\"><\/td>\r\n<\/tr>\r\n\r\n<tr style=\"border: none;\">\r\n<td style=\"border: none;\" valign=\"top\" width=\"20\">&#8211;<\/td>\r\n<td style=\"border: none;\" valign=\"top\" width=\"244\">Clearing                                <\/td>\r\n<td style=\"border: none;\" valign=\"top\" width=\"100\"><\/td>\r\n<\/tr>\r\n\r\n<tr style=\"border: none;\">\r\n<td style=\"border: none;\" valign=\"top\" width=\"20\">&#8211;<\/td>\r\n<td style=\"border: none;\" valign=\"top\" width=\"244\">Integrieren verlorener Seelenteile<\/td>\r\n<td style=\"border: none;\" valign=\"top\" width=\"100\"><\/td>\r\n<\/tr>\r\n\r\n<\/tbody>\r\n<\/table>\r\n\r\n<p type=\"_moz\"><br \/>*<b>Der Hochzeitskorb<\/b> stammt aus schamanischen Traditionen Nordamerikas <br \/>und wird in zeremonieller Weise von den Gro\u00dfm\u00fcttern geflochten. <br \/>Er\u00a0ist eine runde, gew\u00f6lbte Schale mit speziellen Mustern und wird traditionell f\u00fcr <br \/>energetische Heilungsprozesse verwendet.<\/p><p>Heilung wird hierbei verstanden,\u00a0<i>ganz\/ vollst\u00e4ndig<\/i><i>\u00a0<\/i>zu werden.\u00a0<br \/><br \/><img loading=\"lazy\" decoding=\"async\" src=\"http:\/\/www.dianara-joos.ch\/wordpress\/wp-content\/uploads\/Schamanistisch_3.png\" alt=\"\" class=\"alignnone  wp-image-486\" height=\"220\" width=\"267\" \/><\/p><p>Er symbolisiert den Scho\u00dfraum von Wissen und Weisheit der Gro\u00dfen Mutter.\u00a0<\/p><p><img loading=\"lazy\" decoding=\"async\" src=\"http:\/\/www.dianara-joos.ch\/wordpress\/wp-content\/uploads\/Hintergrund_Arbeitsweise-Kopie.png\" class=\"alignnone size-full wp-image-419\" height=\"291\" width=\"287\" \/><\/p>","protected":false},"excerpt":{"rendered":"<p>Schamanische HeiltechnikenSchamanismus ist das \u00e4lteste der Menschheit bekannte Heilungssystem. Dieses uralte Wissen und Erfahrungsschatz vieler Generationen, die Heilkr\u00e4fte der Natur,den 4 Elementen, die Kr\u00e4fte der Pflanzen, Tiere und Steine, werden zum Wohle\u00a0 und \u201eHeilwerden \u201eder Menschheit eingesetzt.\u201eDer Regenbogen als Verbindung zwischen Himmel und Erde\u201cDas schamanische Weltbild kennt zwei Wirklichkeiten. Die allt\u00e4gliche, die wir mit unseren [&hellip;]<\/p>\n","protected":false},"author":1,"featured_media":0,"parent":21,"menu_order":0,"comment_status":"closed","ping_status":"closed","template":"","meta":{"footnotes":""},"class_list":["post-482","page","type-page","status-publish","hentry"],"_links":{"self":[{"href":"https:\/\/www.dianara-joos.ch\/index.php?rest_route=\/wp\/v2\/pages\/482","targetHints":{"allow":["GET"]}}],"collection":[{"href":"https:\/\/www.dianara-joos.ch\/index.php?rest_route=\/wp\/v2\/pages"}],"about":[{"href":"https:\/\/www.dianara-joos.ch\/index.php?rest_route=\/wp\/v2\/types\/page"}],"author":[{"embeddable":true,"href":"https:\/\/www.dianara-joos.ch\/index.php?rest_route=\/wp\/v2\/users\/1"}],"replies":[{"embeddable":true,"href":"https:\/\/www.dianara-joos.ch\/index.php?rest_route=%2Fwp%2Fv2%2Fcomments&post=482"}],"version-history":[{"count":7,"href":"https:\/\/www.dianara-joos.ch\/index.php?rest_route=\/wp\/v2\/pages\/482\/revisions"}],"predecessor-version":[{"id":671,"href":"https:\/\/www.dianara-joos.ch\/index.php?rest_route=\/wp\/v2\/pages\/482\/revisions\/671"}],"up":[{"embeddable":true,"href":"https:\/\/www.dianara-joos.ch\/index.php?rest_route=\/wp\/v2\/pages\/21"}],"wp:attachment":[{"href":"https:\/\/www.dianara-joos.ch\/index.php?rest_route=%2Fwp%2Fv2%2Fmedia&parent=482"}],"curies":[{"name":"wp","href":"https:\/\/api.w.org\/{rel}","templated":true}]}}