{"id":61,"date":"2013-05-23T12:16:22","date_gmt":"2013-05-23T10:16:22","guid":{"rendered":"http:\/\/www.dianara-joos.ch\/wordpress\/?page_id=61"},"modified":"2020-05-07T10:58:27","modified_gmt":"2020-05-07T08:58:27","slug":"mensch-1","status":"publish","type":"page","link":"https:\/\/www.dianara-joos.ch\/?page_id=61","title":{"rendered":"Frau &#8211; Sein"},"content":{"rendered":"<h1>Frau-Sein<\/h1><h1><\/h1><h2><\/h2><h2>Zeit f\u00fcr Entspannung<\/h2><h2>\u00a0\u00a0\u00a0\u00a0\u00a0\u00a0\u00a0\u00a0\u00a0 \u2026des Loslassens<\/h2><h2>\u00a0\u00a0\u00a0\u00a0\u00a0\u00a0\u00a0\u00a0\u00a0\u00a0\u00a0\u00a0\u00a0\u00a0\u00a0\u00a0\u00a0\u00a0\u00a0 \u2026f\u00fcr die eigene Mitte<br \/><br \/><br \/><img loading=\"lazy\" decoding=\"async\" src=\"http:\/\/www.dianara-joos.ch\/wordpress\/wp-content\/uploads\/Muschel2.png\" alt=\"\" class=\"alignnone size-full wp-image-261\" height=\"230\" width=\"350\" srcset=\"https:\/\/www.dianara-joos.ch\/wordpress\/wp-content\/uploads\/Muschel2.png 350w, https:\/\/www.dianara-joos.ch\/wordpress\/wp-content\/uploads\/Muschel2-300x197.png 300w\" sizes=\"auto, (max-width: 350px) 100vw, 350px\" \/><br \/><br \/><\/h2>\r\n \r\n<p>Wir Frauen sind in der heutigen chaotischen, schnellen Zeit sehr gefordert\u2026<\/p><p>Durch Mehrfachbelastung, wie Beruf, Familie, Kinder, Partnerschaft sind wir oft nur besch\u00e4ftigt mit organisieren und \u201etun\u201c, so dass f\u00fcr uns selbst oft keine oder wenig Zeit\u00a0 mehr \u00fcbrig bleibt.<\/p><p>Umso wichtiger ist es von daher, manchmal eine Pause einzulege, um so wieder die Ruhe und Ausgeglichenheit zu finden\u2026<\/p><p>Es braucht oft nur ganz wenig, um Situationen ver\u00e4ndern und neu entstehen zu lassen, beides Qualit\u00e4ten, die wir Frauen \u00a0gut kennen\u2026<\/p><p><em>&#8222;bewusste Aufmerksamkeit, ist der erste Schritt zur Heilung&#8220;<\/em><\/p><p>Mein Herzanliegen ist es f\u00fcr dich, achtsam und liebevoll neue R\u00e4ume zu \u00f6ffnen, dich auf ihrem Lebensweg und zu deiner &#8222;Frau sein&#8220; zu begleiten, so dass du\u00a0 gest\u00e4rkt und voller Freude in den Alltag zur\u00fcckkehren kannst.<\/p><p>&#8230;weitere Infos findest du unter Frauenkreis\u2026<br \/><br \/><\/p><p>\u00a0<img loading=\"lazy\" decoding=\"async\" src=\"http:\/\/www.dianara-joos.ch\/wordpress\/wp-content\/uploads\/Rose.png\" alt=\"Rose\" class=\"size-full wp-image-258 alignnone\" height=\"230\" width=\"350\" srcset=\"https:\/\/www.dianara-joos.ch\/wordpress\/wp-content\/uploads\/Rose.png 350w, https:\/\/www.dianara-joos.ch\/wordpress\/wp-content\/uploads\/Rose-300x197.png 300w\" sizes=\"auto, (max-width: 350px) 100vw, 350px\" \/><\/p><h3><b><br \/><\/b>Anwendungsgebiete<\/h3><p>&#8211; Ersch\u00f6pfung durch Mehrfachbelastung<br \/>&#8211; Ver\u00e4nderungen,Ueberg\u00e4nge,Wendepunkte im Leben<br \/>&#8211; Bei seelischen, psychischen und k\u00f6rperlichen Akutsituationen<br \/>&#8211; Begleitung von chronischen Krankheiten ( erg\u00e4nzend zur Behandlung des Arztes)<br \/>&#8211; Menstruationsprobleme<br \/>&#8211; Kinderwunsch<br \/>&#8211; Wechseljahre<br \/>&#8211; Abl\u00f6sungsprozesse<br \/>&#8211; Schlafst\u00f6rungen<br \/>&#8211; Schmerzen jeglicher Art\/Entspannung<br \/>&#8211; Trauer<br \/>&#8211; Depression<br \/>&#8211; Trennung\/Scheidung<br \/><br \/><\/p><p>\u00a0<img loading=\"lazy\" decoding=\"async\" src=\"http:\/\/www.dianara-joos.ch\/wordpress\/wp-content\/uploads\/Fuesse.png\" alt=\"\" class=\"alignnone size-full wp-image-259\" height=\"230\" width=\"350\" srcset=\"https:\/\/www.dianara-joos.ch\/wordpress\/wp-content\/uploads\/Fuesse.png 350w, https:\/\/www.dianara-joos.ch\/wordpress\/wp-content\/uploads\/Fuesse-300x197.png 300w\" sizes=\"auto, (max-width: 350px) 100vw, 350px\" \/><\/p><h3><b><br \/><\/b>Methoden<\/h3><p>&#8211; Gespr\u00e4che<br \/>&#8211; Energetische K\u00f6rper-Heilsitzungen<br \/>&#8211; Klang<br \/>&#8211; Schamanische Heiltechniken<br \/>&#8211; Das Wissen der Mayas der Frau der neuen Zeit<br \/>&#8211; Bachbl\u00fcten<br \/>&#8211; Kristalle und Edelsteine<br \/>&#8211; Rituale<br \/>&#8211; Multivisionssitzungen ( Clearing, Seelenr\u00fcckf\u00fchrung etc.)<br \/>&#8211; Einzelsitzungen \/Paarsitzungen<\/p><p>&nbsp;<\/p><p>Kontaktiere mich unverbindlich f\u00fcr weitere Fragen, Termine nach telefonischer Absprache oder per Mail m\u00f6glich.<br \/><b>Dianara Joos <\/b>079 721 52 03, <a href=\"mailto:kontakt@dianara-joos.ch\">kontakt@dianara-joos.ch<br \/><br \/><\/a><a target=\"_blank\" href=\"http:\/\/www.dianara-joos.ch\">www.dianara-joos.ch<\/a><br \/><a target=\"_blank\" href=\"http:\/\/www.praxis-schauenburg.ch\">www.<\/a>all-woman.ch<br \/><br \/><img loading=\"lazy\" decoding=\"async\" src=\"http:\/\/www.dianara-joos.ch\/wordpress\/wp-content\/uploads\/Hintergrund-themen_mensch3.png\" class=\"alignnone size-full wp-image-111\" height=\"302\" width=\"302\" \/><\/p>","protected":false},"excerpt":{"rendered":"<p>Frau-SeinZeit f\u00fcr Entspannung\u00a0\u00a0\u00a0\u00a0\u00a0\u00a0\u00a0\u00a0\u00a0 \u2026des Loslassens\u00a0\u00a0\u00a0\u00a0\u00a0\u00a0\u00a0\u00a0\u00a0\u00a0\u00a0\u00a0\u00a0\u00a0\u00a0\u00a0\u00a0\u00a0\u00a0 \u2026f\u00fcr die eigene Mitte Wir Frauen sind in der heutigen chaotischen, schnellen Zeit sehr gefordert\u2026Durch Mehrfachbelastung, wie Beruf, Familie, Kinder, Partnerschaft sind wir oft nur besch\u00e4ftigt mit organisieren und \u201etun\u201c, so dass f\u00fcr uns selbst oft keine oder wenig Zeit\u00a0 mehr \u00fcbrig bleibt.Umso wichtiger ist es von daher, manchmal eine [&hellip;]<\/p>\n","protected":false},"author":1,"featured_media":0,"parent":17,"menu_order":0,"comment_status":"closed","ping_status":"closed","template":"","meta":{"footnotes":""},"class_list":["post-61","page","type-page","status-publish","hentry"],"_links":{"self":[{"href":"https:\/\/www.dianara-joos.ch\/index.php?rest_route=\/wp\/v2\/pages\/61","targetHints":{"allow":["GET"]}}],"collection":[{"href":"https:\/\/www.dianara-joos.ch\/index.php?rest_route=\/wp\/v2\/pages"}],"about":[{"href":"https:\/\/www.dianara-joos.ch\/index.php?rest_route=\/wp\/v2\/types\/page"}],"author":[{"embeddable":true,"href":"https:\/\/www.dianara-joos.ch\/index.php?rest_route=\/wp\/v2\/users\/1"}],"replies":[{"embeddable":true,"href":"https:\/\/www.dianara-joos.ch\/index.php?rest_route=%2Fwp%2Fv2%2Fcomments&post=61"}],"version-history":[{"count":50,"href":"https:\/\/www.dianara-joos.ch\/index.php?rest_route=\/wp\/v2\/pages\/61\/revisions"}],"predecessor-version":[{"id":769,"href":"https:\/\/www.dianara-joos.ch\/index.php?rest_route=\/wp\/v2\/pages\/61\/revisions\/769"}],"up":[{"embeddable":true,"href":"https:\/\/www.dianara-joos.ch\/index.php?rest_route=\/wp\/v2\/pages\/17"}],"wp:attachment":[{"href":"https:\/\/www.dianara-joos.ch\/index.php?rest_route=%2Fwp%2Fv2%2Fmedia&parent=61"}],"curies":[{"name":"wp","href":"https:\/\/api.w.org\/{rel}","templated":true}]}}