{"id":62,"date":"2013-05-23T12:16:29","date_gmt":"2013-05-23T10:16:29","guid":{"rendered":"http:\/\/www.dianara-joos.ch\/wordpress\/?page_id=62"},"modified":"2020-05-07T11:01:40","modified_gmt":"2020-05-07T09:01:40","slug":"mensch-2","status":"publish","type":"page","link":"https:\/\/www.dianara-joos.ch\/?page_id=62","title":{"rendered":"Mann &#8211; Sein"},"content":{"rendered":"<h1>Mann-Sein<\/h1><h1><\/h1><h2><\/h2><h2>Raum f\u00fcr Lebenskraft<\/h2><h2>\u00a0\u00a0\u00a0\u00a0\u00a0\u00a0\u00a0\u00a0\u00a0 \u2026Mut<\/h2><h2>\u00a0\u00a0\u00a0\u00a0\u00a0\u00a0\u00a0\u00a0\u00a0\u00a0\u00a0\u00a0\u00a0 \u2026und Pers\u00f6nlichkeitsentfaltung<br \/><br \/><br \/><\/h2><img loading=\"lazy\" decoding=\"async\" src=\"http:\/\/www.dianara-joos.ch\/wordpress\/wp-content\/uploads\/Mann_Sein1.png\" alt=\"\" class=\"alignnone size-full wp-image-266\" height=\"230\" width=\"350\" srcset=\"https:\/\/www.dianara-joos.ch\/wordpress\/wp-content\/uploads\/Mann_Sein1.png 350w, https:\/\/www.dianara-joos.ch\/wordpress\/wp-content\/uploads\/Mann_Sein1-300x197.png 300w\" sizes=\"auto, (max-width: 350px) 100vw, 350px\" \/><br \/><br \/><p>Die grosse Herausforderung im\u00a0 hektischen und schnellen Alltag die Life-Work-Balance zu finden ist auch f\u00fcr dich als\u00a0 Mann ein grosses Thema.<\/p><p>Sich die Freiheit und den Raum nehmen, eintauchen \u00a0k\u00f6nnen, um \u00a0innere Ruhe und Gelassenheit zu finden.<\/p><p>\u2026.dazu braucht es manchmal etwas Mut, sich neu kennen zu lernen, neue Welten f\u00fcr sich zu entdecken\u2026.sich \u00f6ffnen, so dass sich der Verstand mit dem Herzen wieder verbinden kann\u2026<\/p><p>Mein Herzanliegen ist es f\u00fcr dich , achtsam und liebevoll neue R\u00e4ume zu \u00f6ffnen, dich auf deinem\u00a0 Lebensweg zu begleiten und\u00a0 in deiner pers\u00f6nlicher und beruflicher Entwicklung zu unterst\u00fctzen.<br \/><br \/><br \/><img loading=\"lazy\" decoding=\"async\" src=\"http:\/\/www.dianara-joos.ch\/wordpress\/wp-content\/uploads\/Mann_Sein2.png\" alt=\"\" class=\"alignnone size-full wp-image-267\" height=\"230\" width=\"350\" srcset=\"https:\/\/www.dianara-joos.ch\/wordpress\/wp-content\/uploads\/Mann_Sein2.png 350w, https:\/\/www.dianara-joos.ch\/wordpress\/wp-content\/uploads\/Mann_Sein2-300x197.png 300w\" sizes=\"auto, (max-width: 350px) 100vw, 350px\" \/><br \/><br \/><\/p><h3>Anwendungsgebiete<\/h3><p>&#8211; Burn-Out<br \/>&#8211; Pers\u00f6nliche oder berufliche Ver\u00e4nderungen<br \/>&#8211; Bei seelischen, psychischen und k\u00f6rperlichen Akutsituationen<br \/>&#8211; Begleitung von chronischen Krankheiten ( erg\u00e4nzend zur Behandlung des Arztes)<br \/>&#8211; Schlafst\u00f6rungen<br \/>&#8211; Schmerzen jeglicher Art\/Entspannung<br \/>&#8211; Trauer<br \/>&#8211; Depression<br \/>&#8211; Trennung\/Scheidung<b><br \/><br \/><\/b><\/p><p>\u00a0<img loading=\"lazy\" decoding=\"async\" src=\"http:\/\/www.dianara-joos.ch\/wordpress\/wp-content\/uploads\/Mann_Sein3.png\" alt=\"\" class=\"alignnone size-full wp-image-268\" height=\"230\" width=\"350\" srcset=\"https:\/\/www.dianara-joos.ch\/wordpress\/wp-content\/uploads\/Mann_Sein3.png 350w, https:\/\/www.dianara-joos.ch\/wordpress\/wp-content\/uploads\/Mann_Sein3-300x197.png 300w\" sizes=\"auto, (max-width: 350px) 100vw, 350px\" \/><br \/><br \/><\/p><h3>Methoden<\/h3><p>&#8211; Gespr\u00e4che<br \/>&#8211; Energetische K\u00f6rper-Heilsitzungen<br \/>&#8211; Klang<br \/>&#8211; Schamanische Heiltechniken<br \/>&#8211; Das Wissen der Mayas<br \/>&#8211; Bachbl\u00fcten<br \/>&#8211; Kristalle und Edelsteine<br \/>&#8211; Rituale<br \/>&#8211; Multivisionssitzungen ( Clearing, Seelenr\u00fcckf\u00fchrung etc.)<br \/>&#8211; Einzelsitzungen \/Paarsitzungen<\/p><p>&nbsp;<\/p><p>Kontaktieren\u00a0 mich unverbindlich f\u00fcr weitere Fragen, Termine nach telefonischer Absprache oder per Mail m\u00f6glich.<br \/><b>Dianara Joos <\/b>079 721 52 03, <a href=\"mailto:kontakt@dianara-joos.ch\">kontakt@dianara-joos.ch<\/a><\/p><p><a target=\"_blank\" href=\"http:\/\/www.dianara-joos.ch\">www.dianara-joos.ch<\/a><br \/><a target=\"_blank\" href=\"http:\/\/www.praxis-schauenburg.ch\"><\/a><br \/><br \/><img loading=\"lazy\" decoding=\"async\" src=\"http:\/\/www.dianara-joos.ch\/wordpress\/wp-content\/uploads\/Hintergrund-themen_mensch3.png\" class=\"alignnone size-full wp-image-111\" height=\"302\" width=\"302\" \/><\/p>","protected":false},"excerpt":{"rendered":"<p>Mann-SeinRaum f\u00fcr Lebenskraft\u00a0\u00a0\u00a0\u00a0\u00a0\u00a0\u00a0\u00a0\u00a0 \u2026Mut\u00a0\u00a0\u00a0\u00a0\u00a0\u00a0\u00a0\u00a0\u00a0\u00a0\u00a0\u00a0\u00a0 \u2026und Pers\u00f6nlichkeitsentfaltungDie grosse Herausforderung im\u00a0 hektischen und schnellen Alltag die Life-Work-Balance zu finden ist auch f\u00fcr dich als\u00a0 Mann ein grosses Thema.Sich die Freiheit und den Raum nehmen, eintauchen \u00a0k\u00f6nnen, um \u00a0innere Ruhe und Gelassenheit zu finden.\u2026.dazu braucht es manchmal etwas Mut, sich neu kennen zu lernen, neue Welten f\u00fcr sich [&hellip;]<\/p>\n","protected":false},"author":1,"featured_media":0,"parent":17,"menu_order":0,"comment_status":"closed","ping_status":"closed","template":"","meta":{"footnotes":""},"class_list":["post-62","page","type-page","status-publish","hentry"],"_links":{"self":[{"href":"https:\/\/www.dianara-joos.ch\/index.php?rest_route=\/wp\/v2\/pages\/62","targetHints":{"allow":["GET"]}}],"collection":[{"href":"https:\/\/www.dianara-joos.ch\/index.php?rest_route=\/wp\/v2\/pages"}],"about":[{"href":"https:\/\/www.dianara-joos.ch\/index.php?rest_route=\/wp\/v2\/types\/page"}],"author":[{"embeddable":true,"href":"https:\/\/www.dianara-joos.ch\/index.php?rest_route=\/wp\/v2\/users\/1"}],"replies":[{"embeddable":true,"href":"https:\/\/www.dianara-joos.ch\/index.php?rest_route=%2Fwp%2Fv2%2Fcomments&post=62"}],"version-history":[{"count":23,"href":"https:\/\/www.dianara-joos.ch\/index.php?rest_route=\/wp\/v2\/pages\/62\/revisions"}],"predecessor-version":[{"id":772,"href":"https:\/\/www.dianara-joos.ch\/index.php?rest_route=\/wp\/v2\/pages\/62\/revisions\/772"}],"up":[{"embeddable":true,"href":"https:\/\/www.dianara-joos.ch\/index.php?rest_route=\/wp\/v2\/pages\/17"}],"wp:attachment":[{"href":"https:\/\/www.dianara-joos.ch\/index.php?rest_route=%2Fwp%2Fv2%2Fmedia&parent=62"}],"curies":[{"name":"wp","href":"https:\/\/api.w.org\/{rel}","templated":true}]}}