{"id":64,"date":"2013-05-23T12:16:45","date_gmt":"2013-05-23T10:16:45","guid":{"rendered":"http:\/\/www.dianara-joos.ch\/wordpress\/?page_id=64"},"modified":"2017-02-06T18:20:00","modified_gmt":"2017-02-06T16:20:00","slug":"arbeitsmethode-1","status":"publish","type":"page","link":"https:\/\/www.dianara-joos.ch\/?page_id=64","title":{"rendered":"Energetische K\u00f6rperzentrierung"},"content":{"rendered":"<h1>Energetische K\u00f6rperzentrierung<\/h1><p>Durch die sanfte Ber\u00fchrung des K\u00f6rpers, ersp\u00fchren meine H\u00e4nde Blockaden und gestaute Energien.<\/p><p>Meine Basis dabei sind die Grundlagen von Reiki,die sich zusammen mit meinen nat\u00fcrlichen Kr\u00e4ften \u00fcber die Jahre zu \u201emeiner Form\u201c der Energie\u00fcbertragung entwickelt haben.<br \/><br \/><img loading=\"lazy\" decoding=\"async\" src=\"http:\/\/www.dianara-joos.ch\/wordpress\/wp-content\/uploads\/Heilen_21.png\" alt=\"\" class=\"alignnone size-full wp-image-460\" height=\"206\" width=\"285\" \/><br \/> <br \/> Sie erfahren \u00fcber ihren K\u00f6rper eine tiefe Entspannung, Reinigung und St\u00e4rkung des Immunsystems, Stimulierung der Zellen und Lebenskraft, Harmonisierung des Emotionalk\u00f6rpers, Ausgleichung von Stimmungsschwankungen.<\/p><p>Kl\u00e4rung von traumatischen Erlebnissen oder Verlusten.\u00a0<\/p><p>Zus\u00e4tzlich lege ich Edelsteine und\u00a0Kristalle auf den K\u00f6rper.<br \/><br \/><br \/> <img loading=\"lazy\" decoding=\"async\" src=\"http:\/\/www.dianara-joos.ch\/wordpress\/wp-content\/uploads\/Heilen_1.png\" alt=\"\" class=\"alignnone size-full wp-image-462\" height=\"208\" width=\"285\" \/><\/p><p>Die Hilfe zur Selbstheilung bringt Sie dazu, ihre eigene Kraft, Sch\u00f6nheit und St\u00e4rke\u00a0 zu entwickeln und beschenkt sie mit einer grosser Lebensfreude.<br \/><br \/> <img loading=\"lazy\" decoding=\"async\" src=\"http:\/\/www.dianara-joos.ch\/wordpress\/wp-content\/uploads\/Hintergrund_Arbeitsweise-Kopie.png\" class=\"alignnone size-full wp-image-419\" height=\"291\" width=\"287\" \/><\/p>","protected":false},"excerpt":{"rendered":"<p>Energetische K\u00f6rperzentrierungDurch die sanfte Ber\u00fchrung des K\u00f6rpers, ersp\u00fchren meine H\u00e4nde Blockaden und gestaute Energien.Meine Basis dabei sind die Grundlagen von Reiki,die sich zusammen mit meinen nat\u00fcrlichen Kr\u00e4ften \u00fcber die Jahre zu \u201emeiner Form\u201c der Energie\u00fcbertragung entwickelt haben. Sie erfahren \u00fcber ihren K\u00f6rper eine tiefe Entspannung, Reinigung und St\u00e4rkung des Immunsystems, Stimulierung der Zellen und Lebenskraft, [&hellip;]<\/p>\n","protected":false},"author":1,"featured_media":0,"parent":21,"menu_order":0,"comment_status":"closed","ping_status":"closed","template":"","meta":{"footnotes":""},"class_list":["post-64","page","type-page","status-publish","hentry"],"_links":{"self":[{"href":"https:\/\/www.dianara-joos.ch\/index.php?rest_route=\/wp\/v2\/pages\/64","targetHints":{"allow":["GET"]}}],"collection":[{"href":"https:\/\/www.dianara-joos.ch\/index.php?rest_route=\/wp\/v2\/pages"}],"about":[{"href":"https:\/\/www.dianara-joos.ch\/index.php?rest_route=\/wp\/v2\/types\/page"}],"author":[{"embeddable":true,"href":"https:\/\/www.dianara-joos.ch\/index.php?rest_route=\/wp\/v2\/users\/1"}],"replies":[{"embeddable":true,"href":"https:\/\/www.dianara-joos.ch\/index.php?rest_route=%2Fwp%2Fv2%2Fcomments&post=64"}],"version-history":[{"count":12,"href":"https:\/\/www.dianara-joos.ch\/index.php?rest_route=\/wp\/v2\/pages\/64\/revisions"}],"predecessor-version":[{"id":668,"href":"https:\/\/www.dianara-joos.ch\/index.php?rest_route=\/wp\/v2\/pages\/64\/revisions\/668"}],"up":[{"embeddable":true,"href":"https:\/\/www.dianara-joos.ch\/index.php?rest_route=\/wp\/v2\/pages\/21"}],"wp:attachment":[{"href":"https:\/\/www.dianara-joos.ch\/index.php?rest_route=%2Fwp%2Fv2%2Fmedia&parent=64"}],"curies":[{"name":"wp","href":"https:\/\/api.w.org\/{rel}","templated":true}]}}