{"id":65,"date":"2013-05-23T12:16:53","date_gmt":"2013-05-23T10:16:53","guid":{"rendered":"http:\/\/www.dianara-joos.ch\/wordpress\/?page_id=65"},"modified":"2017-02-06T18:19:24","modified_gmt":"2017-02-06T16:19:24","slug":"arbeitsmethode-2","status":"publish","type":"page","link":"https:\/\/www.dianara-joos.ch\/?page_id=65","title":{"rendered":"Bachbl\u00fcten"},"content":{"rendered":"<h1>Bachbl\u00fcten<\/h1><p>Die Bachbl\u00fctentherapie wurde vom englischen Arzt Dr. Edward Bach um 1930 entwickelt.<\/p><p>Mit Hilfe der Bl\u00fctenessenzen lassen sich sanft Blockaden und Schmerzen im feinstofflichen Emotionalk\u00f6rper l\u00f6sen und st\u00e4rken somit auch das ganze Immunsystem.<\/p><p>Gerade Kinder sprechen auf diese Form der Behandlung sehr gut an und nehmen ihre<\/p><p>\u201eKraftbl\u00fcten\u201c gerne mit.<\/p><p>Erg\u00e4nzend nehme ich auch die kalifornischen und australischen Bl\u00fctenessenzen dazu.<br \/><br \/><img loading=\"lazy\" decoding=\"async\" src=\"http:\/\/www.dianara-joos.ch\/wordpress\/wp-content\/uploads\/Hintergrund_Arbeitsweise-Kopie.png\" class=\"alignnone size-full wp-image-419\" height=\"291\" width=\"287\" \/><\/p>","protected":false},"excerpt":{"rendered":"<p>Bachbl\u00fctenDie Bachbl\u00fctentherapie wurde vom englischen Arzt Dr. Edward Bach um 1930 entwickelt.Mit Hilfe der Bl\u00fctenessenzen lassen sich sanft Blockaden und Schmerzen im feinstofflichen Emotionalk\u00f6rper l\u00f6sen und st\u00e4rken somit auch das ganze Immunsystem.Gerade Kinder sprechen auf diese Form der Behandlung sehr gut an und nehmen ihre\u201eKraftbl\u00fcten\u201c gerne mit.Erg\u00e4nzend nehme ich auch die kalifornischen und australischen Bl\u00fctenessenzen [&hellip;]<\/p>\n","protected":false},"author":1,"featured_media":0,"parent":21,"menu_order":0,"comment_status":"closed","ping_status":"closed","template":"","meta":{"footnotes":""},"class_list":["post-65","page","type-page","status-publish","hentry"],"_links":{"self":[{"href":"https:\/\/www.dianara-joos.ch\/index.php?rest_route=\/wp\/v2\/pages\/65","targetHints":{"allow":["GET"]}}],"collection":[{"href":"https:\/\/www.dianara-joos.ch\/index.php?rest_route=\/wp\/v2\/pages"}],"about":[{"href":"https:\/\/www.dianara-joos.ch\/index.php?rest_route=\/wp\/v2\/types\/page"}],"author":[{"embeddable":true,"href":"https:\/\/www.dianara-joos.ch\/index.php?rest_route=\/wp\/v2\/users\/1"}],"replies":[{"embeddable":true,"href":"https:\/\/www.dianara-joos.ch\/index.php?rest_route=%2Fwp%2Fv2%2Fcomments&post=65"}],"version-history":[{"count":4,"href":"https:\/\/www.dianara-joos.ch\/index.php?rest_route=\/wp\/v2\/pages\/65\/revisions"}],"predecessor-version":[{"id":666,"href":"https:\/\/www.dianara-joos.ch\/index.php?rest_route=\/wp\/v2\/pages\/65\/revisions\/666"}],"up":[{"embeddable":true,"href":"https:\/\/www.dianara-joos.ch\/index.php?rest_route=\/wp\/v2\/pages\/21"}],"wp:attachment":[{"href":"https:\/\/www.dianara-joos.ch\/index.php?rest_route=%2Fwp%2Fv2%2Fmedia&parent=65"}],"curies":[{"name":"wp","href":"https:\/\/api.w.org\/{rel}","templated":true}]}}