{"id":67,"date":"2013-05-23T12:17:08","date_gmt":"2013-05-23T10:17:08","guid":{"rendered":"http:\/\/www.dianara-joos.ch\/wordpress\/?page_id=67"},"modified":"2017-02-06T18:15:31","modified_gmt":"2017-02-06T16:15:31","slug":"angebot-1","status":"publish","type":"page","link":"https:\/\/www.dianara-joos.ch\/?page_id=67","title":{"rendered":"Horoskop-Lebensketten"},"content":{"rendered":"<h1>Horoskop-Lebensketten<br \/><br \/><br \/>\r\n\t<div class=\"slideshow_container slideshow_container_style-light\" style=\"height: 300px; \" data-slideshow-id=\"282\" data-style-name=\"style-light\" data-style-version=\"2.3.1\" >\r\n\r\n\t\t\t\t\t<div class=\"slideshow_loading_icon\"><\/div>\r\n\t\t\r\n\t\t<div class=\"slideshow_content\" style=\"display: none;\">\r\n\r\n\t\t\t<div class=\"slideshow_view\">\r\n\t\t\t\t<div class=\"slideshow_slide slideshow_slide_image\">\r\n\t\t\t\t\t\t\t\t\t\t\t<img src=\"https:\/\/www.dianara-joos.ch\/wordpress\/wp-content\/uploads\/Horoskop_Lebensketten_Dianara_Joos_14.jpg\" alt=\"\" width=\"450\" height=\"602\" \/>\r\n\t\t\t\t\t\t\t\t\t\t<div class=\"slideshow_description_box slideshow_transparent\">\r\n\t\t\t\t\t\t\t\t\t\t\t\t\t\t\t\t\t<\/div>\r\n\t\t\t\t<\/div>\r\n\r\n\t\t\t\t\t\t<div style=\"clear: both;\"><\/div><\/div><div class=\"slideshow_view\">\r\n\t\t\t\t<div class=\"slideshow_slide slideshow_slide_image\">\r\n\t\t\t\t\t\t\t\t\t\t\t<img src=\"https:\/\/www.dianara-joos.ch\/wordpress\/wp-content\/uploads\/Horoskop_Lebensketten_Dianara_Joos_2.jpg\" alt=\"Horoskop_Lebensketten_Dianara_Joos_2\" width=\"450\" height=\"602\" \/>\r\n\t\t\t\t\t\t\t\t\t\t<div class=\"slideshow_description_box slideshow_transparent\">\r\n\t\t\t\t\t\t\t\t\t\t\t\t\t\t\t\t\t<\/div>\r\n\t\t\t\t<\/div>\r\n\r\n\t\t\t\t\t\t<div style=\"clear: both;\"><\/div><\/div><div class=\"slideshow_view\">\r\n\t\t\t\t<div class=\"slideshow_slide slideshow_slide_image\">\r\n\t\t\t\t\t\t\t\t\t\t\t<img src=\"https:\/\/www.dianara-joos.ch\/wordpress\/wp-content\/uploads\/Horoskop_Lebensketten_Dianara_Joos_13.jpg\" alt=\"Horoskop_Lebensketten_Dianara_Joos_13\" width=\"600\" height=\"448\" \/>\r\n\t\t\t\t\t\t\t\t\t\t<div class=\"slideshow_description_box slideshow_transparent\">\r\n\t\t\t\t\t\t\t\t\t\t\t\t\t\t\t\t\t<\/div>\r\n\t\t\t\t<\/div>\r\n\r\n\t\t\t\t\t\t<div style=\"clear: both;\"><\/div><\/div><div class=\"slideshow_view\">\r\n\t\t\t\t<div class=\"slideshow_slide slideshow_slide_image\">\r\n\t\t\t\t\t\t\t\t\t\t\t<img src=\"https:\/\/www.dianara-joos.ch\/wordpress\/wp-content\/uploads\/Horoskop_Lebensketten_Dianara_Joos_12.jpg\" alt=\"Horoskop_Lebensketten_Dianara_Joos_12\" width=\"600\" height=\"448\" \/>\r\n\t\t\t\t\t\t\t\t\t\t<div class=\"slideshow_description_box slideshow_transparent\">\r\n\t\t\t\t\t\t\t\t\t\t\t\t\t\t\t\t\t<\/div>\r\n\t\t\t\t<\/div>\r\n\r\n\t\t\t\t\t\t<div style=\"clear: both;\"><\/div><\/div><div class=\"slideshow_view\">\r\n\t\t\t\t<div class=\"slideshow_slide slideshow_slide_image\">\r\n\t\t\t\t\t\t\t\t\t\t\t<img src=\"https:\/\/www.dianara-joos.ch\/wordpress\/wp-content\/uploads\/Horoskop_Lebensketten_Dianara_Joos_11.jpg\" alt=\"Horoskop_Lebensketten_Dianara_Joos_11\" width=\"600\" height=\"450\" \/>\r\n\t\t\t\t\t\t\t\t\t\t<div class=\"slideshow_description_box slideshow_transparent\">\r\n\t\t\t\t\t\t\t\t\t\t\t\t\t\t\t\t\t<\/div>\r\n\t\t\t\t<\/div>\r\n\r\n\t\t\t\t\t\t<div style=\"clear: both;\"><\/div><\/div><div class=\"slideshow_view\">\r\n\t\t\t\t<div class=\"slideshow_slide slideshow_slide_image\">\r\n\t\t\t\t\t\t\t\t\t\t\t<img src=\"https:\/\/www.dianara-joos.ch\/wordpress\/wp-content\/uploads\/Horoskop_Lebensketten_Dianara_Joos_10.jpg\" alt=\"Horoskop_Lebensketten_Dianara_Joos_10\" width=\"600\" height=\"450\" \/>\r\n\t\t\t\t\t\t\t\t\t\t<div class=\"slideshow_description_box slideshow_transparent\">\r\n\t\t\t\t\t\t\t\t\t\t\t\t\t\t\t\t\t<\/div>\r\n\t\t\t\t<\/div>\r\n\r\n\t\t\t\t\t\t<div style=\"clear: both;\"><\/div><\/div><div class=\"slideshow_view\">\r\n\t\t\t\t<div class=\"slideshow_slide slideshow_slide_image\">\r\n\t\t\t\t\t\t\t\t\t\t\t<img src=\"https:\/\/www.dianara-joos.ch\/wordpress\/wp-content\/uploads\/Horoskop_Lebensketten_Dianara_Joos_9.jpg\" alt=\"Horoskop_Lebensketten_Dianara_Joos_9\" width=\"600\" height=\"450\" \/>\r\n\t\t\t\t\t\t\t\t\t\t<div class=\"slideshow_description_box slideshow_transparent\">\r\n\t\t\t\t\t\t\t\t\t\t\t\t\t\t\t\t\t<\/div>\r\n\t\t\t\t<\/div>\r\n\r\n\t\t\t\t\t\t<div style=\"clear: both;\"><\/div><\/div><div class=\"slideshow_view\">\r\n\t\t\t\t<div class=\"slideshow_slide slideshow_slide_image\">\r\n\t\t\t\t\t\t\t\t\t\t\t<img src=\"https:\/\/www.dianara-joos.ch\/wordpress\/wp-content\/uploads\/Horoskop_Lebensketten_Dianara_Joos_8.jpg\" alt=\"Horoskop_Lebensketten_Dianara_Joos_8\" width=\"600\" height=\"450\" \/>\r\n\t\t\t\t\t\t\t\t\t\t<div class=\"slideshow_description_box slideshow_transparent\">\r\n\t\t\t\t\t\t\t\t\t\t\t\t\t\t\t\t\t<\/div>\r\n\t\t\t\t<\/div>\r\n\r\n\t\t\t\t\t\t<div style=\"clear: both;\"><\/div><\/div><div class=\"slideshow_view\">\r\n\t\t\t\t<div class=\"slideshow_slide slideshow_slide_image\">\r\n\t\t\t\t\t\t\t\t\t\t\t<img src=\"https:\/\/www.dianara-joos.ch\/wordpress\/wp-content\/uploads\/Horoskop_Lebensketten_Dianara_Joos_7.jpg\" alt=\"Horoskop_Lebensketten_Dianara_Joos_7\" width=\"600\" height=\"448\" \/>\r\n\t\t\t\t\t\t\t\t\t\t<div class=\"slideshow_description_box slideshow_transparent\">\r\n\t\t\t\t\t\t\t\t\t\t\t\t\t\t\t\t\t<\/div>\r\n\t\t\t\t<\/div>\r\n\r\n\t\t\t\t\t\t<div style=\"clear: both;\"><\/div><\/div><div class=\"slideshow_view\">\r\n\t\t\t\t<div class=\"slideshow_slide slideshow_slide_image\">\r\n\t\t\t\t\t\t\t\t\t\t\t<img src=\"https:\/\/www.dianara-joos.ch\/wordpress\/wp-content\/uploads\/Horoskop_Lebensketten_Dianara_Joos_6.jpg\" alt=\"Horoskop_Lebensketten_Dianara_Joos_6\" width=\"600\" height=\"450\" \/>\r\n\t\t\t\t\t\t\t\t\t\t<div class=\"slideshow_description_box slideshow_transparent\">\r\n\t\t\t\t\t\t\t\t\t\t\t\t\t\t\t\t\t<\/div>\r\n\t\t\t\t<\/div>\r\n\r\n\t\t\t\t\t\t<div style=\"clear: both;\"><\/div><\/div><div class=\"slideshow_view\">\r\n\t\t\t\t<div class=\"slideshow_slide slideshow_slide_image\">\r\n\t\t\t\t\t\t\t\t\t\t\t<img src=\"https:\/\/www.dianara-joos.ch\/wordpress\/wp-content\/uploads\/Horoskop_Lebensketten_Dianara_Joos_5.jpg\" alt=\"Horoskop_Lebensketten_Dianara_Joos_5\" width=\"450\" height=\"602\" \/>\r\n\t\t\t\t\t\t\t\t\t\t<div class=\"slideshow_description_box slideshow_transparent\">\r\n\t\t\t\t\t\t\t\t\t\t\t\t\t\t\t\t\t<\/div>\r\n\t\t\t\t<\/div>\r\n\r\n\t\t\t\t\t\t<div style=\"clear: both;\"><\/div><\/div><div class=\"slideshow_view\">\r\n\t\t\t\t<div class=\"slideshow_slide slideshow_slide_image\">\r\n\t\t\t\t\t\t\t\t\t\t\t<img src=\"https:\/\/www.dianara-joos.ch\/wordpress\/wp-content\/uploads\/Horoskop_Lebensketten_Dianara_Joos_4.jpg\" alt=\"Horoskop_Lebensketten_Dianara_Joos_4\" width=\"450\" height=\"600\" \/>\r\n\t\t\t\t\t\t\t\t\t\t<div class=\"slideshow_description_box slideshow_transparent\">\r\n\t\t\t\t\t\t\t\t\t\t\t\t\t\t\t\t\t<\/div>\r\n\t\t\t\t<\/div>\r\n\r\n\t\t\t\t\t\t<div style=\"clear: both;\"><\/div><\/div><div class=\"slideshow_view\">\r\n\t\t\t\t<div class=\"slideshow_slide slideshow_slide_image\">\r\n\t\t\t\t\t\t\t\t\t\t\t<img src=\"https:\/\/www.dianara-joos.ch\/wordpress\/wp-content\/uploads\/Horoskop_Lebensketten_Dianara_Joos_3.jpg\" alt=\"Horoskop_Lebensketten_Dianara_Joos_3\" width=\"450\" height=\"602\" \/>\r\n\t\t\t\t\t\t\t\t\t\t<div class=\"slideshow_description_box slideshow_transparent\">\r\n\t\t\t\t\t\t\t\t\t\t\t\t\t\t\t\t\t<\/div>\r\n\t\t\t\t<\/div>\r\n\r\n\t\t\t\t\t\t<div style=\"clear: both;\"><\/div><\/div><div class=\"slideshow_view\">\r\n\t\t\t\t<div class=\"slideshow_slide slideshow_slide_image\">\r\n\t\t\t\t\t\t\t\t\t\t\t<img src=\"https:\/\/www.dianara-joos.ch\/wordpress\/wp-content\/uploads\/Horoskop_Lebensketten_Dianara_Joos_2.jpg\" alt=\"Horoskop_Lebensketten_Dianara_Joos_2\" width=\"450\" height=\"602\" \/>\r\n\t\t\t\t\t\t\t\t\t\t<div class=\"slideshow_description_box slideshow_transparent\">\r\n\t\t\t\t\t\t\t\t\t\t\t\t\t\t\t\t\t<\/div>\r\n\t\t\t\t<\/div>\r\n\r\n\t\t\t\t\t\t<div style=\"clear: both;\"><\/div><\/div>\r\n\t\t<\/div>\r\n\r\n\t\t<div class=\"slideshow_controlPanel slideshow_transparent\" style=\"display: none;\"><ul><li class=\"slideshow_togglePlay\" data-play-text=\"Abspielen\" data-pause-text=\"Pause\"><\/li><\/ul><\/div>\r\n\r\n\t\t<div class=\"slideshow_button slideshow_previous slideshow_transparent\" role=\"button\" data-previous-text=\"Zur\u00fcck\" style=\"display: none;\"><\/div>\r\n\t\t<div class=\"slideshow_button slideshow_next slideshow_transparent\" role=\"button\" data-next-text=\"N\u00e4chstes\" style=\"display: none;\"><\/div>\r\n\r\n\t\t<div class=\"slideshow_pagination\" style=\"display: none;\" data-go-to-text=\"Gehe zum Bild\"><div class=\"slideshow_pagination_center\"><\/div><\/div>\r\n\r\n\t\t<!-- WordPress Slideshow Version 2.3.1 -->\r\n\r\n\t\t\t<\/div>\r\n\r\n<\/h1><p>Anhand Ihrer Horoskopdaten und einem pers\u00f6nlichen Gespr\u00e4ch, fertige ich f\u00fcr Sie,<br \/>IHRE individuelle Kette an.<\/p>\r\n\r\n<table style=\"width: 606px;\" 0=\"\" cellpadding=\"0\" cellspacing=\"0\"><tbody>\r\n<tr style=\"border: none;\">\r\n<td style=\"border: none;\" valign=\"top\" width=\"20\">&#8211;<\/td>\r\n<td style=\"border: none;\" valign=\"top\" width=\"344\">Ketten f\u00fcr Sie und Ihn, f\u00fcr Kinder und Erwachsene jeden Alters<\/td>\r\n<\/tr>\r\n<tr style=\"border: none;\">\r\n<td style=\"border: none;\" valign=\"top\" width=\"20\">&#8211;<\/td>\r\n<td style=\"border: none;\" valign=\"top\" width=\"344\">Unterst\u00fctzung f\u00fcr alle Lebensabschnitte, sowie \u00dcberg\u00e4nge, Wendepunkte und Neuanf\u00e4nge<br \/>\r\n<em>Taufen,Geburtstag,Konfirmation etc.<\/em><\/td>\r\n<\/tr>\r\n\r\n<tr style=\"border: none;\">\r\n<td style=\"border: none;\" valign=\"top\" width=\"20\">&#8211;<\/td>\r\n<td style=\"border: none;\" valign=\"top\" width=\"344\">Bringt Stabilit\u00e4t bei k\u00f6rperlichen, geistigen und seelischen Schwierigkeiten<\/td>\r\n<\/tr>\r\n<tr style=\"border: none;\">\r\n<td style=\"border: none;\" valign=\"top\" width=\"20\">&#8211;<\/td>\r\n<td style=\"border: none;\" valign=\"top\" width=\"344\">Unterst\u00fctzt ihre Kinder in ihrer Entwicklung und Wachstum<\/td><\/tr>\r\n<tr style=\"border: none;\">\r\n<td style=\"border: none;\" valign=\"top\" width=\"20\">&#8211;<\/td>\r\n<td style=\"border: none;\" valign=\"top\" width=\"344\">Preise nach Anfertigung<\/td>\r\n<\/tr><\/tbody>\r\n<\/table>\r\n<br \/><br \/><br \/>\r\n<h2>&#8222;\u2026eine Kette, die ihre Sch\u00f6nheit<\/h2><h2>von innen nach aussen tr\u00e4gt\u2026\u201c<\/h2>\r\n\r\n<br \/><img loading=\"lazy\" decoding=\"async\" src=\"http:\/\/www.dianara-joos.ch\/wordpress\/wp-content\/uploads\/Hintergrund_Angebot4.png\" class=\"alignnone  wp-image-319\" height=\"268\" width=\"275\" \/><br \/><br \/>","protected":false},"excerpt":{"rendered":"<p>Horoskop-LebenskettenAnhand Ihrer Horoskopdaten und einem pers\u00f6nlichen Gespr\u00e4ch, fertige ich f\u00fcr Sie,IHRE individuelle Kette an. &#8211; Ketten f\u00fcr Sie und Ihn, f\u00fcr Kinder und Erwachsene jeden Alters &#8211; Unterst\u00fctzung f\u00fcr alle Lebensabschnitte, sowie \u00dcberg\u00e4nge, Wendepunkte und Neuanf\u00e4nge Taufen,Geburtstag,Konfirmation etc. &#8211; Bringt Stabilit\u00e4t bei k\u00f6rperlichen, geistigen und seelischen Schwierigkeiten &#8211; Unterst\u00fctzt ihre Kinder in ihrer Entwicklung und [&hellip;]<\/p>\n","protected":false},"author":1,"featured_media":0,"parent":22,"menu_order":0,"comment_status":"closed","ping_status":"closed","template":"","meta":{"footnotes":""},"class_list":["post-67","page","type-page","status-publish","hentry"],"_links":{"self":[{"href":"https:\/\/www.dianara-joos.ch\/index.php?rest_route=\/wp\/v2\/pages\/67","targetHints":{"allow":["GET"]}}],"collection":[{"href":"https:\/\/www.dianara-joos.ch\/index.php?rest_route=\/wp\/v2\/pages"}],"about":[{"href":"https:\/\/www.dianara-joos.ch\/index.php?rest_route=\/wp\/v2\/types\/page"}],"author":[{"embeddable":true,"href":"https:\/\/www.dianara-joos.ch\/index.php?rest_route=\/wp\/v2\/users\/1"}],"replies":[{"embeddable":true,"href":"https:\/\/www.dianara-joos.ch\/index.php?rest_route=%2Fwp%2Fv2%2Fcomments&post=67"}],"version-history":[{"count":25,"href":"https:\/\/www.dianara-joos.ch\/index.php?rest_route=\/wp\/v2\/pages\/67\/revisions"}],"predecessor-version":[{"id":660,"href":"https:\/\/www.dianara-joos.ch\/index.php?rest_route=\/wp\/v2\/pages\/67\/revisions\/660"}],"up":[{"embeddable":true,"href":"https:\/\/www.dianara-joos.ch\/index.php?rest_route=\/wp\/v2\/pages\/22"}],"wp:attachment":[{"href":"https:\/\/www.dianara-joos.ch\/index.php?rest_route=%2Fwp%2Fv2%2Fmedia&parent=67"}],"curies":[{"name":"wp","href":"https:\/\/api.w.org\/{rel}","templated":true}]}}