{"id":68,"date":"2013-05-23T12:17:14","date_gmt":"2013-05-23T10:17:14","guid":{"rendered":"http:\/\/www.dianara-joos.ch\/wordpress\/?page_id=68"},"modified":"2017-02-06T18:15:49","modified_gmt":"2017-02-06T16:15:49","slug":"angebot-2","status":"publish","type":"page","link":"https:\/\/www.dianara-joos.ch\/?page_id=68","title":{"rendered":"Rituale"},"content":{"rendered":"<h1>Rituale<\/h1><h2>&#8230;wichtige Momente im Leben bewusst<br \/>erleben und feiern&#8230;<br \/><br \/>\u2026geben Halt, Kraft und Sicherheit <br \/>im Wandel der Zeit&#8230;<br \/><br \/>\u2026f\u00fcr dich, f\u00fcr eine Partnerschaft,<br \/>f\u00fcr eine Gemeinschaft&#8230;<\/h2><p>Unser ganzer Kosmos besteht aus rituellen Zyklen von Werden und Vergehen, die Natur gibt uns vor, wie einfach es ist, mit den Jahreszeiten zu \u201e<b>wandeln -sich zu erneuern \u2013 reifen &#8211; gehen zu lassen\u201c\u2026<\/b><\/p><p>Das Bed\u00fcrfnis dieser R\u00fcckverbindung an das Nat\u00fcrliche, k\u00f6nnen wir gut mit einem Ritual unterst\u00fctzen.<\/p><p>In allen Kulturen und Religionen feiern die Menschen ihre Rituale, sie dr\u00fccken das Bed\u00fcrfnis nach Segen, W\u00fcnschen, Gemeinschaft,Freude, Sicherheit und Trost aus.<br \/><br \/><br \/><i>\r\n\t<div class=\"slideshow_container slideshow_container_style-light\" style=\"height: 270px; \" data-slideshow-id=\"350\" data-style-name=\"style-light\" data-style-version=\"2.3.1\" >\r\n\r\n\t\t\t\t\t<div class=\"slideshow_loading_icon\"><\/div>\r\n\t\t\r\n\t\t<div class=\"slideshow_content\" style=\"display: none;\">\r\n\r\n\t\t\t<div class=\"slideshow_view\">\r\n\t\t\t\t<div class=\"slideshow_slide slideshow_slide_image\">\r\n\t\t\t\t\t\t\t\t\t\t\t<img src=\"https:\/\/www.dianara-joos.ch\/wordpress\/wp-content\/uploads\/Ritual_0.jpg\" alt=\"Ritual_0\" width=\"400\" height=\"600\" \/>\r\n\t\t\t\t\t\t\t\t\t\t<div class=\"slideshow_description_box slideshow_transparent\">\r\n\t\t\t\t\t\t\t\t\t\t\t\t\t\t\t\t\t<\/div>\r\n\t\t\t\t<\/div>\r\n\r\n\t\t\t\t\t\t<div style=\"clear: both;\"><\/div><\/div><div class=\"slideshow_view\">\r\n\t\t\t\t<div class=\"slideshow_slide slideshow_slide_image\">\r\n\t\t\t\t\t\t\t\t\t\t\t<img src=\"https:\/\/www.dianara-joos.ch\/wordpress\/wp-content\/uploads\/Rituale_8.png\" alt=\"Rituale_8\" width=\"586\" height=\"301\" \/>\r\n\t\t\t\t\t\t\t\t\t\t<div class=\"slideshow_description_box slideshow_transparent\">\r\n\t\t\t\t\t\t\t\t\t\t\t\t\t\t\t\t\t<\/div>\r\n\t\t\t\t<\/div>\r\n\r\n\t\t\t\t\t\t<div style=\"clear: both;\"><\/div><\/div><div class=\"slideshow_view\">\r\n\t\t\t\t<div class=\"slideshow_slide slideshow_slide_image\">\r\n\t\t\t\t\t\t\t\t\t\t\t<img src=\"https:\/\/www.dianara-joos.ch\/wordpress\/wp-content\/uploads\/Rituale_7.png\" alt=\"Rituale_7\" width=\"605\" height=\"403\" \/>\r\n\t\t\t\t\t\t\t\t\t\t<div class=\"slideshow_description_box slideshow_transparent\">\r\n\t\t\t\t\t\t\t\t\t\t\t\t\t\t\t\t\t<\/div>\r\n\t\t\t\t<\/div>\r\n\r\n\t\t\t\t\t\t<div style=\"clear: both;\"><\/div><\/div><div class=\"slideshow_view\">\r\n\t\t\t\t<div class=\"slideshow_slide slideshow_slide_image\">\r\n\t\t\t\t\t\t\t\t\t\t\t<img src=\"https:\/\/www.dianara-joos.ch\/wordpress\/wp-content\/uploads\/Rituale_6.png\" alt=\"Rituale_6\" width=\"605\" height=\"403\" \/>\r\n\t\t\t\t\t\t\t\t\t\t<div class=\"slideshow_description_box slideshow_transparent\">\r\n\t\t\t\t\t\t\t\t\t\t\t\t\t\t\t\t\t<\/div>\r\n\t\t\t\t<\/div>\r\n\r\n\t\t\t\t\t\t<div style=\"clear: both;\"><\/div><\/div><div class=\"slideshow_view\">\r\n\t\t\t\t<div class=\"slideshow_slide slideshow_slide_image\">\r\n\t\t\t\t\t\t\t\t\t\t\t<img src=\"https:\/\/www.dianara-joos.ch\/wordpress\/wp-content\/uploads\/Rituale_5.png\" alt=\"Rituale_5\" width=\"605\" height=\"403\" \/>\r\n\t\t\t\t\t\t\t\t\t\t<div class=\"slideshow_description_box slideshow_transparent\">\r\n\t\t\t\t\t\t\t\t\t\t\t\t\t\t\t\t\t<\/div>\r\n\t\t\t\t<\/div>\r\n\r\n\t\t\t\t\t\t<div style=\"clear: both;\"><\/div><\/div><div class=\"slideshow_view\">\r\n\t\t\t\t<div class=\"slideshow_slide slideshow_slide_image\">\r\n\t\t\t\t\t\t\t\t\t\t\t<img src=\"https:\/\/www.dianara-joos.ch\/wordpress\/wp-content\/uploads\/Rituale_4.png\" alt=\"Rituale_4\" width=\"605\" height=\"403\" \/>\r\n\t\t\t\t\t\t\t\t\t\t<div class=\"slideshow_description_box slideshow_transparent\">\r\n\t\t\t\t\t\t\t\t\t\t\t\t\t\t\t\t\t<\/div>\r\n\t\t\t\t<\/div>\r\n\r\n\t\t\t\t\t\t<div style=\"clear: both;\"><\/div><\/div><div class=\"slideshow_view\">\r\n\t\t\t\t<div class=\"slideshow_slide slideshow_slide_image\">\r\n\t\t\t\t\t\t\t\t\t\t\t<img src=\"https:\/\/www.dianara-joos.ch\/wordpress\/wp-content\/uploads\/Rituale_3.png\" alt=\"Rituale_3\" width=\"605\" height=\"403\" \/>\r\n\t\t\t\t\t\t\t\t\t\t<div class=\"slideshow_description_box slideshow_transparent\">\r\n\t\t\t\t\t\t\t\t\t\t\t\t\t\t\t\t\t<\/div>\r\n\t\t\t\t<\/div>\r\n\r\n\t\t\t\t\t\t<div style=\"clear: both;\"><\/div><\/div><div class=\"slideshow_view\">\r\n\t\t\t\t<div class=\"slideshow_slide slideshow_slide_image\">\r\n\t\t\t\t\t\t\t\t\t\t\t<img src=\"https:\/\/www.dianara-joos.ch\/wordpress\/wp-content\/uploads\/Rituale_2.png\" alt=\"Rituale_2\" width=\"605\" height=\"403\" \/>\r\n\t\t\t\t\t\t\t\t\t\t<div class=\"slideshow_description_box slideshow_transparent\">\r\n\t\t\t\t\t\t\t\t\t\t\t\t\t\t\t\t\t<\/div>\r\n\t\t\t\t<\/div>\r\n\r\n\t\t\t\t\t\t<div style=\"clear: both;\"><\/div><\/div><div class=\"slideshow_view\">\r\n\t\t\t\t<div class=\"slideshow_slide slideshow_slide_image\">\r\n\t\t\t\t\t\t\t\t\t\t\t<img src=\"https:\/\/www.dianara-joos.ch\/wordpress\/wp-content\/uploads\/Rituale_1.png\" alt=\"\" width=\"604\" height=\"402\" \/>\r\n\t\t\t\t\t\t\t\t\t\t<div class=\"slideshow_description_box slideshow_transparent\">\r\n\t\t\t\t\t\t\t\t\t\t\t\t\t\t\t\t\t<\/div>\r\n\t\t\t\t<\/div>\r\n\r\n\t\t\t\t\t\t<div style=\"clear: both;\"><\/div><\/div>\r\n\t\t<\/div>\r\n\r\n\t\t<div class=\"slideshow_controlPanel slideshow_transparent\" style=\"display: none;\"><ul><li class=\"slideshow_togglePlay\" data-play-text=\"Abspielen\" data-pause-text=\"Pause\"><\/li><\/ul><\/div>\r\n\r\n\t\t<div class=\"slideshow_button slideshow_previous slideshow_transparent\" role=\"button\" data-previous-text=\"Zur\u00fcck\" style=\"display: none;\"><\/div>\r\n\t\t<div class=\"slideshow_button slideshow_next slideshow_transparent\" role=\"button\" data-next-text=\"N\u00e4chstes\" style=\"display: none;\"><\/div>\r\n\r\n\t\t<div class=\"slideshow_pagination\" style=\"display: none;\" data-go-to-text=\"Gehe zum Bild\"><div class=\"slideshow_pagination_center\"><\/div><\/div>\r\n\r\n\t\t<!-- WordPress Slideshow Version 2.3.1 -->\r\n\r\n\t\t\t<\/div>\r\n\r\n<\/i><\/p><h2><br \/><br \/>Ich biete Ritual an f\u00fcr:<\/h2>\r\n\r\n\r\n<table style=\"width: 606px;\" 0=\"\" cellpadding=\"0\" cellspacing=\"0\"><tbody>\r\n<tr style=\"border: none;\">\r\n<td style=\"border: none;\" valign=\"top\" width=\"20\">&#8211;<\/td>\r\n<td style=\"border: none;\" valign=\"top\" width=\"344\">Kreislauf des Lebens (Geburt, Taufe, Geburtstag, Pubert\u00e4t)<\/td>\r\n<\/tr>\r\n<tr style=\"border: none;\">\r\n<td style=\"border: none;\" valign=\"top\" width=\"20\">&#8211;<\/td>\r\n<td style=\"border: none;\" valign=\"top\" width=\"344\">Partnerschaft<\/td><\/tr>\r\n<tr style=\"border: none;\">\r\n<td style=\"border: none;\" valign=\"top\" width=\"20\">&#8211;<\/td>\r\n<td style=\"border: none;\" valign=\"top\" width=\"344\">Pers\u00f6nlichen Wachstum<\/td>\r\n<\/tr>\r\n<tr style=\"border: none;\">\r\n<td style=\"border: none;\" valign=\"top\" width=\"20\">&#8211;<\/td>\r\n<td style=\"border: none;\" valign=\"top\" width=\"344\">Ueberg\u00e4nge\/Wendepunkte\/Neubeginn<\/td><\/tr>\r\n<tr style=\"border: none;\">\r\n<td style=\"border: none;\" valign=\"top\" width=\"20\">&#8211;<\/td>\r\n<td style=\"border: none;\" valign=\"top\" width=\"344\">Wechseljahre<\/td>\r\n<\/tr>\r\n<tr style=\"border: none;\">\r\n<td style=\"border: none;\" valign=\"top\" width=\"20\">&#8211;<\/td>\r\n<td style=\"border: none;\" valign=\"top\" width=\"344\">Trennung<\/td><\/tr>\r\n<tr style=\"border: none;\">\r\n<td style=\"border: none;\" valign=\"top\" width=\"20\">&#8211;<\/td>\r\n<td style=\"border: none;\" valign=\"top\" width=\"344\">Krankheit<\/td>\r\n<\/tr>\r\n<tr style=\"border: none;\">\r\n<td style=\"border: none;\" valign=\"top\" width=\"20\">&#8211;<\/td>\r\n<td style=\"border: none;\" valign=\"top\" width=\"344\">Abschied von Menschen und Tieren<\/td><\/tr>\r\n<tr style=\"border: none;\">\r\n<td style=\"border: none;\" valign=\"top\" width=\"20\">&#8211;<\/td>\r\n<td style=\"border: none;\" valign=\"top\" width=\"344\">Einweihung von Wohnr\u00e4umen,H\u00e4usern<\/td>\r\n<\/tr>\r\n<\/tbody>\r\n<\/table>\r\n<p>\u00a0<br \/><br \/>Kontaktieren Sie mich unverbindlich f\u00fcr weitere Fragen, Termine nach telefonischer Absprache oder per Mail m\u00f6glich.<\/p><p><b>Dianara Joos <\/b>079 721 52 03, <a href=\"mailto:kontakt@dianara-joos.ch\">kontakt@dianara-joos.ch<br \/><\/a><\/p><p><a target=\"_blank\" href=\"http:\/\/www.dianara-joos.ch\">www.dianara-joos.ch<\/a><\/p><p><a target=\"_blank\" href=\"http:\/\/www.praxis-schauenburg.ch\">www.<\/a>all-woman.ch<br \/><br \/><img loading=\"lazy\" decoding=\"async\" src=\"http:\/\/www.dianara-joos.ch\/wordpress\/wp-content\/uploads\/Hintergrund_Angebot4.png\" class=\"alignnone  wp-image-319\" height=\"268\" width=\"275\" \/><br \/><i><\/i><\/p>","protected":false},"excerpt":{"rendered":"<p>Rituale&#8230;wichtige Momente im Leben bewussterleben und feiern&#8230;\u2026geben Halt, Kraft und Sicherheit im Wandel der Zeit&#8230;\u2026f\u00fcr dich, f\u00fcr eine Partnerschaft,f\u00fcr eine Gemeinschaft&#8230;Unser ganzer Kosmos besteht aus rituellen Zyklen von Werden und Vergehen, die Natur gibt uns vor, wie einfach es ist, mit den Jahreszeiten zu \u201ewandeln -sich zu erneuern \u2013 reifen &#8211; gehen zu lassen\u201c\u2026Das Bed\u00fcrfnis [&hellip;]<\/p>\n","protected":false},"author":1,"featured_media":0,"parent":22,"menu_order":0,"comment_status":"closed","ping_status":"closed","template":"","meta":{"footnotes":""},"class_list":["post-68","page","type-page","status-publish","hentry"],"_links":{"self":[{"href":"https:\/\/www.dianara-joos.ch\/index.php?rest_route=\/wp\/v2\/pages\/68","targetHints":{"allow":["GET"]}}],"collection":[{"href":"https:\/\/www.dianara-joos.ch\/index.php?rest_route=\/wp\/v2\/pages"}],"about":[{"href":"https:\/\/www.dianara-joos.ch\/index.php?rest_route=\/wp\/v2\/types\/page"}],"author":[{"embeddable":true,"href":"https:\/\/www.dianara-joos.ch\/index.php?rest_route=\/wp\/v2\/users\/1"}],"replies":[{"embeddable":true,"href":"https:\/\/www.dianara-joos.ch\/index.php?rest_route=%2Fwp%2Fv2%2Fcomments&post=68"}],"version-history":[{"count":21,"href":"https:\/\/www.dianara-joos.ch\/index.php?rest_route=\/wp\/v2\/pages\/68\/revisions"}],"predecessor-version":[{"id":661,"href":"https:\/\/www.dianara-joos.ch\/index.php?rest_route=\/wp\/v2\/pages\/68\/revisions\/661"}],"up":[{"embeddable":true,"href":"https:\/\/www.dianara-joos.ch\/index.php?rest_route=\/wp\/v2\/pages\/22"}],"wp:attachment":[{"href":"https:\/\/www.dianara-joos.ch\/index.php?rest_route=%2Fwp%2Fv2%2Fmedia&parent=68"}],"curies":[{"name":"wp","href":"https:\/\/api.w.org\/{rel}","templated":true}]}}