{"id":69,"date":"2013-05-23T12:17:20","date_gmt":"2013-05-23T10:17:20","guid":{"rendered":"http:\/\/www.dianara-joos.ch\/wordpress\/?page_id=69"},"modified":"2017-02-06T18:16:14","modified_gmt":"2017-02-06T16:16:14","slug":"angebot-3","status":"publish","type":"page","link":"https:\/\/www.dianara-joos.ch\/?page_id=69","title":{"rendered":"Wohl-f\u00fchl-Zeit"},"content":{"rendered":"<h1>\u201eWohl-f\u00fchl-Zeit\u201c<\/h1><p>\u00a0<img loading=\"lazy\" decoding=\"async\" src=\"http:\/\/www.dianara-joos.ch\/wordpress\/wp-content\/uploads\/Wohl_Fuehl_Zeit_1.png\" alt=\"\" class=\"alignnone size-full wp-image-375\" height=\"217\" width=\"294\" \/><\/p><h2>F\u00fcr Sie \u2013 Ihn \u2013 Gemeinsam<\/h2><p>\u00a0Ich biete ihnen ein \u201e<b>Wohlf\u00fchlpaket\u201c<\/b> an, das wir gemeinsam zusammenstellen\u2026<\/p><p>Wir beginnen mit einem Gespr\u00e4ch und finden den Impuls f\u00fcr diese Stunden, danach folgt Zeit der Stille und Reflexion oder ein kleines Ritual in der Natur, anschliessend lassen sie sich verw\u00f6hnen mit einer K\u00f6rperenergiebehandlung und schliessen diese Zeit durch ein Gespr\u00e4ch wieder ab.<br \/><br \/><img loading=\"lazy\" decoding=\"async\" src=\"http:\/\/www.dianara-joos.ch\/wordpress\/wp-content\/uploads\/Wohl_Fuehl_Zeit_2-300x263.png\" alt=\"\" class=\"alignnone size-medium wp-image-376\" height=\"263\" width=\"300\" srcset=\"https:\/\/www.dianara-joos.ch\/wordpress\/wp-content\/uploads\/Wohl_Fuehl_Zeit_2-300x263.png 300w, https:\/\/www.dianara-joos.ch\/wordpress\/wp-content\/uploads\/Wohl_Fuehl_Zeit_2.png 455w\" sizes=\"auto, (max-width: 300px) 100vw, 300px\" \/><br \/><br \/><\/p><p><b>Kosten:<\/b> Fr. 270.00 \/3 Std.<\/p><p>Kontaktieren Sie mich unverbindlich f\u00fcr weitere Fragen, Termine nach telefonischer Absprache oder per Mail m\u00f6glich.<\/p><p><b>Dianara Joos <\/b>079 721 52 03, <a href=\"mailto:kontakt@dianara-joos.ch\">kontakt@dianara-joos.ch<\/a><\/p><p><a target=\"_blank\" href=\"http:\/\/www.dianara-joos.ch\">www.dianara-joos.ch<\/a><\/p><p><a target=\"_blank\" href=\"http:\/\/www.praxis-schauenburg.ch\">www.all-woman.ch<br \/><br \/><br \/><\/a><\/p><img loading=\"lazy\" decoding=\"async\" src=\"http:\/\/www.dianara-joos.ch\/wordpress\/wp-content\/uploads\/Hintergrund_Angebot4.png\" class=\"alignnone size-full wp-image-319\" height=\"268\" width=\"275\" \/>","protected":false},"excerpt":{"rendered":"<p>\u201eWohl-f\u00fchl-Zeit\u201c\u00a0F\u00fcr Sie \u2013 Ihn \u2013 Gemeinsam\u00a0Ich biete ihnen ein \u201eWohlf\u00fchlpaket\u201c an, das wir gemeinsam zusammenstellen\u2026Wir beginnen mit einem Gespr\u00e4ch und finden den Impuls f\u00fcr diese Stunden, danach folgt Zeit der Stille und Reflexion oder ein kleines Ritual in der Natur, anschliessend lassen sie sich verw\u00f6hnen mit einer K\u00f6rperenergiebehandlung und schliessen diese Zeit durch ein Gespr\u00e4ch [&hellip;]<\/p>\n","protected":false},"author":1,"featured_media":0,"parent":22,"menu_order":0,"comment_status":"closed","ping_status":"closed","template":"","meta":{"footnotes":""},"class_list":["post-69","page","type-page","status-publish","hentry"],"_links":{"self":[{"href":"https:\/\/www.dianara-joos.ch\/index.php?rest_route=\/wp\/v2\/pages\/69","targetHints":{"allow":["GET"]}}],"collection":[{"href":"https:\/\/www.dianara-joos.ch\/index.php?rest_route=\/wp\/v2\/pages"}],"about":[{"href":"https:\/\/www.dianara-joos.ch\/index.php?rest_route=\/wp\/v2\/types\/page"}],"author":[{"embeddable":true,"href":"https:\/\/www.dianara-joos.ch\/index.php?rest_route=\/wp\/v2\/users\/1"}],"replies":[{"embeddable":true,"href":"https:\/\/www.dianara-joos.ch\/index.php?rest_route=%2Fwp%2Fv2%2Fcomments&post=69"}],"version-history":[{"count":5,"href":"https:\/\/www.dianara-joos.ch\/index.php?rest_route=\/wp\/v2\/pages\/69\/revisions"}],"predecessor-version":[{"id":662,"href":"https:\/\/www.dianara-joos.ch\/index.php?rest_route=\/wp\/v2\/pages\/69\/revisions\/662"}],"up":[{"embeddable":true,"href":"https:\/\/www.dianara-joos.ch\/index.php?rest_route=\/wp\/v2\/pages\/22"}],"wp:attachment":[{"href":"https:\/\/www.dianara-joos.ch\/index.php?rest_route=%2Fwp%2Fv2%2Fmedia&parent=69"}],"curies":[{"name":"wp","href":"https:\/\/api.w.org\/{rel}","templated":true}]}}